{"id":12,"date":"2016-11-08T13:25:34","date_gmt":"2016-11-08T12:25:34","guid":{"rendered":"http:\/\/zpgraf.ch\/?page_id=12"},"modified":"2016-12-05T16:42:06","modified_gmt":"2016-12-05T15:42:06","slug":"zahnarztpraxis","status":"publish","type":"page","link":"https:\/\/zpgraf.ch\/","title":{"rendered":"Ihre Zahnarztpraxis P. Graf in Rothrist"},"content":{"rendered":"<p>In der modernen familienorientierten Zahnarztpraxis bieten wir das ganze Spektrum der Zahnmedizin. In einer entspannten und pers\u00f6nlichen Atmosph\u00e4re garantiere ich Ihnen eine optimale Behandlung.<\/p>\n<p>Gesunde Z\u00e4hne sind f\u00fcr das Lebensgef\u00fchl besonders wichtig, daher geben wir alles, um Ihren W\u00fcnschen gerecht zu werden \u2013 mit Erfahrung, Kompetenz und Einf\u00fchlungsverm\u00f6gen. Dabei nehmen wir auch Sie in die Pflicht: Nur mit Ihrer Mitarbeit, in dem sie die Z\u00e4hne regelm\u00e4ssig pflegen und auch kontrollieren lassen, ist eine erfolgreiche Zusammenarbeit \u00fcberhaupt m\u00f6glich.<\/p>\n","protected":false},"excerpt":{"rendered":"<p>In der modernen familienorientierten Zahnarztpraxis bieten wir das ganze Spektrum der Zahnmedizin. In einer entspannten und pers\u00f6nlichen Atmosph\u00e4re garantiere ich Ihnen eine optimale Behandlung. Gesunde Z\u00e4hne sind f\u00fcr das Lebensgef\u00fchl besonders wichtig, daher geben wir alles, um Ihren W\u00fcnschen gerecht zu werden \u2013 mit Erfahrung, Kompetenz und Einf\u00fchlungsverm\u00f6gen. Dabei nehmen wir auch Sie in die [&hellip;]<\/p>\n<a href=\"https:\/\/zpgraf.ch\/\"> Read More...<\/a>","protected":false},"author":1,"featured_media":0,"parent":0,"menu_order":0,"comment_status":"closed","ping_status":"closed","template":"_startseite.php","meta":{"_acf_changed":false,"footnotes":""},"class_list":["post-12","page","type-page","status-publish","hentry"],"acf":[],"yoast_head":"<!-- This site is optimized with the Yoast SEO plugin v23.5 - https:\/\/yoast.com\/wordpress\/plugins\/seo\/ -->\n<title>Ihre Zahnarztpraxis P. Graf in Rothrist - Zahnarztpraxis P. Graf<\/title>\n<meta name=\"robots\" content=\"index, follow, max-snippet:-1, max-image-preview:large, max-video-preview:-1\" \/>\n<link rel=\"canonical\" href=\"https:\/\/zpgraf.ch\/\" \/>\n<meta property=\"og:locale\" content=\"de_DE\" \/>\n<meta property=\"og:type\" content=\"article\" \/>\n<meta property=\"og:title\" content=\"Ihre Zahnarztpraxis P. Graf in Rothrist - Zahnarztpraxis P. Graf\" \/>\n<meta property=\"og:description\" content=\"In der modernen familienorientierten Zahnarztpraxis bieten wir das ganze Spektrum der Zahnmedizin. In einer entspannten und pers\u00f6nlichen Atmosph\u00e4re garantiere ich Ihnen eine optimale Behandlung. Gesunde Z\u00e4hne sind f\u00fcr das Lebensgef\u00fchl besonders wichtig, daher geben wir alles, um Ihren W\u00fcnschen gerecht zu werden \u2013 mit Erfahrung, Kompetenz und Einf\u00fchlungsverm\u00f6gen. Dabei nehmen wir auch Sie in die [&hellip;]\" \/>\n<meta property=\"og:url\" content=\"https:\/\/zpgraf.ch\/\" \/>\n<meta property=\"og:site_name\" content=\"Zahnarztpraxis P. Graf\" \/>\n<meta property=\"article:modified_time\" content=\"2016-12-05T15:42:06+00:00\" \/>\n<meta name=\"twitter:card\" content=\"summary_large_image\" \/>\n<script type=\"application\/ld+json\" class=\"yoast-schema-graph\">{\"@context\":\"https:\/\/schema.org\",\"@graph\":[{\"@type\":\"WebPage\",\"@id\":\"https:\/\/zpgraf.ch\/\",\"url\":\"https:\/\/zpgraf.ch\/\",\"name\":\"Ihre Zahnarztpraxis P. Graf in Rothrist - Zahnarztpraxis P. Graf\",\"isPartOf\":{\"@id\":\"https:\/\/zpgraf.ch\/#website\"},\"datePublished\":\"2016-11-08T12:25:34+00:00\",\"dateModified\":\"2016-12-05T15:42:06+00:00\",\"breadcrumb\":{\"@id\":\"https:\/\/zpgraf.ch\/#breadcrumb\"},\"inLanguage\":\"de\",\"potentialAction\":[{\"@type\":\"ReadAction\",\"target\":[\"https:\/\/zpgraf.ch\/\"]}]},{\"@type\":\"BreadcrumbList\",\"@id\":\"https:\/\/zpgraf.ch\/#breadcrumb\",\"itemListElement\":[{\"@type\":\"ListItem\",\"position\":1,\"name\":\"Startseite\",\"item\":\"https:\/\/zpgraf.ch\/\"},{\"@type\":\"ListItem\",\"position\":2,\"name\":\"Ihre Zahnarztpraxis P. Graf in Rothrist\"}]},{\"@type\":\"WebSite\",\"@id\":\"https:\/\/zpgraf.ch\/#website\",\"url\":\"https:\/\/zpgraf.ch\/\",\"name\":\"Zahnarztpraxis P. Graf\",\"description\":\"Ihr Zahnarzt in Rothrist\",\"potentialAction\":[{\"@type\":\"SearchAction\",\"target\":{\"@type\":\"EntryPoint\",\"urlTemplate\":\"https:\/\/zpgraf.ch\/?s={search_term_string}\"},\"query-input\":{\"@type\":\"PropertyValueSpecification\",\"valueRequired\":true,\"valueName\":\"search_term_string\"}}],\"inLanguage\":\"de\"}]}<\/script>\n<!-- \/ Yoast SEO plugin. -->","yoast_head_json":{"title":"Ihre Zahnarztpraxis P. Graf in Rothrist - Zahnarztpraxis P. Graf","robots":{"index":"index","follow":"follow","max-snippet":"max-snippet:-1","max-image-preview":"max-image-preview:large","max-video-preview":"max-video-preview:-1"},"canonical":"https:\/\/zpgraf.ch\/","og_locale":"de_DE","og_type":"article","og_title":"Ihre Zahnarztpraxis P. Graf in Rothrist - Zahnarztpraxis P. Graf","og_description":"In der modernen familienorientierten Zahnarztpraxis bieten wir das ganze Spektrum der Zahnmedizin. In einer entspannten und pers\u00f6nlichen Atmosph\u00e4re garantiere ich Ihnen eine optimale Behandlung. Gesunde Z\u00e4hne sind f\u00fcr das Lebensgef\u00fchl besonders wichtig, daher geben wir alles, um Ihren W\u00fcnschen gerecht zu werden \u2013 mit Erfahrung, Kompetenz und Einf\u00fchlungsverm\u00f6gen. Dabei nehmen wir auch Sie in die [&hellip;]","og_url":"https:\/\/zpgraf.ch\/","og_site_name":"Zahnarztpraxis P. Graf","article_modified_time":"2016-12-05T15:42:06+00:00","twitter_card":"summary_large_image","schema":{"@context":"https:\/\/schema.org","@graph":[{"@type":"WebPage","@id":"https:\/\/zpgraf.ch\/","url":"https:\/\/zpgraf.ch\/","name":"Ihre Zahnarztpraxis P. Graf in Rothrist - Zahnarztpraxis P. Graf","isPartOf":{"@id":"https:\/\/zpgraf.ch\/#website"},"datePublished":"2016-11-08T12:25:34+00:00","dateModified":"2016-12-05T15:42:06+00:00","breadcrumb":{"@id":"https:\/\/zpgraf.ch\/#breadcrumb"},"inLanguage":"de","potentialAction":[{"@type":"ReadAction","target":["https:\/\/zpgraf.ch\/"]}]},{"@type":"BreadcrumbList","@id":"https:\/\/zpgraf.ch\/#breadcrumb","itemListElement":[{"@type":"ListItem","position":1,"name":"Startseite","item":"https:\/\/zpgraf.ch\/"},{"@type":"ListItem","position":2,"name":"Ihre Zahnarztpraxis P. Graf in Rothrist"}]},{"@type":"WebSite","@id":"https:\/\/zpgraf.ch\/#website","url":"https:\/\/zpgraf.ch\/","name":"Zahnarztpraxis P. Graf","description":"Ihr Zahnarzt in Rothrist","potentialAction":[{"@type":"SearchAction","target":{"@type":"EntryPoint","urlTemplate":"https:\/\/zpgraf.ch\/?s={search_term_string}"},"query-input":{"@type":"PropertyValueSpecification","valueRequired":true,"valueName":"search_term_string"}}],"inLanguage":"de"}]}},"_links":{"self":[{"href":"https:\/\/zpgraf.ch\/index.php\/wp-json\/wp\/v2\/pages\/12"}],"collection":[{"href":"https:\/\/zpgraf.ch\/index.php\/wp-json\/wp\/v2\/pages"}],"about":[{"href":"https:\/\/zpgraf.ch\/index.php\/wp-json\/wp\/v2\/types\/page"}],"author":[{"embeddable":true,"href":"https:\/\/zpgraf.ch\/index.php\/wp-json\/wp\/v2\/users\/1"}],"replies":[{"embeddable":true,"href":"https:\/\/zpgraf.ch\/index.php\/wp-json\/wp\/v2\/comments?post=12"}],"version-history":[{"count":19,"href":"https:\/\/zpgraf.ch\/index.php\/wp-json\/wp\/v2\/pages\/12\/revisions"}],"predecessor-version":[{"id":146,"href":"https:\/\/zpgraf.ch\/index.php\/wp-json\/wp\/v2\/pages\/12\/revisions\/146"}],"wp:attachment":[{"href":"https:\/\/zpgraf.ch\/index.php\/wp-json\/wp\/v2\/media?parent=12"}],"curies":[{"name":"wp","href":"https:\/\/api.w.org\/{rel}","templated":true}]}}